{"id":603,"date":"2025-10-09T12:31:14","date_gmt":"2025-10-09T12:31:14","guid":{"rendered":"https:\/\/toxicwindowtint.emwemedia.com\/?page_id=603"},"modified":"2025-12-17T23:32:39","modified_gmt":"2025-12-17T23:32:39","slug":"headlight-restoration","status":"publish","type":"page","link":"https:\/\/www.toxicwindowtints.us\/es\/headlight-restoration\/","title":{"rendered":"Restauraci\u00f3n de faros"},"content":{"rendered":"<div data-elementor-type=\"wp-page\" data-elementor-id=\"603\" class=\"elementor elementor-603\">\n\t\t\t\t<div class=\"elementor-element elementor-element-172af14 e-flex e-con-boxed e-con e-parent\" data-id=\"172af14\" data-element_type=\"container\" data-e-type=\"container\" data-settings=\"{&quot;background_background&quot;:&quot;classic&quot;}\">\n\t\t\t\t\t<div class=\"e-con-inner\">\n\t\t<div class=\"elementor-element elementor-element-0ba6016 e-con-full e-flex e-con e-child\" data-id=\"0ba6016\" data-element_type=\"container\" data-e-type=\"container\">\n\t\t\t\t<div class=\"elementor-element elementor-element-a3dff37 elementor-invisible elementor-widget elementor-widget-heading\" data-id=\"a3dff37\" data-element_type=\"widget\" data-e-type=\"widget\" data-settings=\"{&quot;_animation&quot;:&quot;fadeInDown&quot;,&quot;_animation_delay&quot;:300}\" data-widget_type=\"heading.default\">\n\t\t\t\t\t<h1 class=\"elementor-heading-title elementor-size-default\">RESTAURACI\u00d3N DE FAROS<\/h1>\t\t\t\t<\/div>\n\t\t\t\t<div class=\"elementor-element elementor-element-4a382bc elementor-invisible elementor-widget elementor-widget-text-editor\" data-id=\"4a382bc\" data-element_type=\"widget\" data-e-type=\"widget\" data-settings=\"{&quot;_animation&quot;:&quot;fadeInDown&quot;}\" data-widget_type=\"text-editor.default\">\n\t\t\t\t\t\t\t\t\t<p><a href=\"#\">Inicio<\/a> \/ Restauraci\u00f3n de faros<\/p>\t\t\t\t\t\t\t\t<\/div>\n\t\t\t\t<\/div>\n\t\t\t\t\t<\/div>\n\t\t\t\t<\/div>\n\t\t<div class=\"elementor-element elementor-element-345f620 e-flex e-con-boxed e-con e-parent\" data-id=\"345f620\" data-element_type=\"container\" data-e-type=\"container\" data-settings=\"{&quot;background_background&quot;:&quot;classic&quot;}\">\n\t\t\t\t\t<div class=\"e-con-inner\">\n\t\t<div class=\"elementor-element elementor-element-cb84df0 e-con-full e-flex elementor-invisible e-con e-child\" data-id=\"cb84df0\" data-element_type=\"container\" data-e-type=\"container\" data-settings=\"{&quot;animation&quot;:&quot;fadeInLeft&quot;}\">\n\t\t<div class=\"elementor-element elementor-element-1e5425c e-con-full e-flex e-con e-child\" data-id=\"1e5425c\" data-element_type=\"container\" data-e-type=\"container\" data-settings=\"{&quot;background_background&quot;:&quot;classic&quot;}\">\n\t\t\t\t<div class=\"elementor-element elementor-element-78559f5 elementor-widget elementor-widget-heading\" data-id=\"78559f5\" data-element_type=\"widget\" data-e-type=\"widget\" data-widget_type=\"heading.default\">\n\t\t\t\t\t<h3 class=\"elementor-heading-title elementor-size-default\">Duraci\u00f3n del servicio y reservas<\/h3>\t\t\t\t<\/div>\n\t\t\t\t<div class=\"elementor-element elementor-element-be6cb3b elementor-widget-divider--view-line elementor-widget elementor-widget-divider\" data-id=\"be6cb3b\" data-element_type=\"widget\" data-e-type=\"widget\" data-widget_type=\"divider.default\">\n\t\t\t\t\t\t\t<div class=\"elementor-divider\">\n\t\t\t<span class=\"elementor-divider-separator\">\n\t\t\t\t\t\t<\/span>\n\t\t<\/div>\n\t\t\t\t\t\t<\/div>\n\t\t<div class=\"elementor-element elementor-element-ae5adad e-con-full e-flex e-con e-child\" data-id=\"ae5adad\" data-element_type=\"container\" data-e-type=\"container\">\n\t\t\t\t<div class=\"elementor-element elementor-element-9d15411 elementor-widget__width-initial elementor-widget elementor-widget-heading\" data-id=\"9d15411\" data-element_type=\"widget\" data-e-type=\"widget\" data-widget_type=\"heading.default\">\n\t\t\t\t\t<h4 class=\"elementor-heading-title elementor-size-default\">Precio <\/h4>\t\t\t\t<\/div>\n\t\t\t\t<div class=\"elementor-element elementor-element-e621cda elementor-widget elementor-widget-heading\" data-id=\"e621cda\" data-element_type=\"widget\" data-e-type=\"widget\" data-widget_type=\"heading.default\">\n\t\t\t\t\t<h5 class=\"elementor-heading-title elementor-size-default\">$<\/h5>\t\t\t\t<\/div>\n\t\t\t\t<div class=\"elementor-element elementor-element-946aa3d elementor-widget elementor-widget-heading\" data-id=\"946aa3d\" data-element_type=\"widget\" data-e-type=\"widget\" data-widget_type=\"heading.default\">\n\t\t\t\t\t<h2 class=\"elementor-heading-title elementor-size-default\">100<\/h2>\t\t\t\t<\/div>\n\t\t\t\t<\/div>\n\t\t\t\t<div class=\"elementor-element elementor-element-f96a831 elementor-widget elementor-widget-heading\" data-id=\"f96a831\" data-element_type=\"widget\" data-e-type=\"widget\" data-widget_type=\"heading.default\">\n\t\t\t\t\t<h5 class=\"elementor-heading-title elementor-size-default\">Tiempo estimado: 1 hora<\/h5>\t\t\t\t<\/div>\n\t\t\t\t<div class=\"elementor-element elementor-element-e543dd1 elementor-widget elementor-widget-button\" data-id=\"e543dd1\" data-element_type=\"widget\" data-e-type=\"widget\" data-widget_type=\"button.default\">\n\t\t\t\t\t\t\t\t\t\t<a class=\"elementor-button elementor-button-link elementor-size-sm\" href=\"#book-headlight\">\n\t\t\t\t\t\t<span class=\"elementor-button-content-wrapper\">\n\t\t\t\t\t\t<span class=\"elementor-button-icon\">\n\t\t\t\t<svg aria-hidden=\"true\" class=\"e-font-icon-svg e-fas-chevron-circle-right\" viewbox=\"0 0 512 512\" xmlns=\"http:\/\/www.w3.org\/2000\/svg\"><path d=\"M256 8c137 0 248 111 248 248S393 504 256 504 8 393 8 256 119 8 256 8zm113.9 231L234.4 103.5c-9.4-9.4-24.6-9.4-33.9 0l-17 17c-9.4 9.4-9.4 24.6 0 33.9L285.1 256 183.5 357.6c-9.4 9.4-9.4 24.6 0 33.9l17 17c9.4 9.4 24.6 9.4 33.9 0L369.9 273c9.4-9.4 9.4-24.6 0-34z\"><\/path><\/svg>\t\t\t<\/span>\n\t\t\t\t\t\t\t\t\t<span class=\"elementor-button-text\">LIBRO RESTAURACI\u00d3N DE FAROS<\/span>\n\t\t\t\t\t<\/span>\n\t\t\t\t\t<\/a>\n\t\t\t\t\t\t\t\t<\/div>\n\t\t\t\t<\/div>\n\t\t<div class=\"elementor-element elementor-element-3d793e4 e-con-full e-flex e-con e-child\" data-id=\"3d793e4\" data-element_type=\"container\" data-e-type=\"container\" data-settings=\"{&quot;background_background&quot;:&quot;classic&quot;}\">\n\t\t\t\t<div class=\"elementor-element elementor-element-1c019d8 elementor-widget elementor-widget-heading\" data-id=\"1c019d8\" data-element_type=\"widget\" data-e-type=\"widget\" data-widget_type=\"heading.default\">\n\t\t\t\t\t<h3 class=\"elementor-heading-title elementor-size-default\">MANTENTE FRESCO. LUCIR N\u00cdTIDO.<\/h3>\t\t\t\t<\/div>\n\t\t\t\t<div class=\"elementor-element elementor-element-2036e00 elementor-widget elementor-widget-text-editor\" data-id=\"2036e00\" data-element_type=\"widget\" data-e-type=\"widget\" data-widget_type=\"text-editor.default\">\n\t\t\t\t\t\t\t\t\t<blockquote data-start=\"654\" data-end=\"745\"><p data-start=\"656\" data-end=\"745\">Mejore su veh\u00edculo con el tintado cer\u00e1mico de alta calidad: mejor estilo, comodidad y protecci\u00f3n contra los rayos UV.<\/p><\/blockquote>\t\t\t\t\t\t\t\t<\/div>\n\t\t\t\t<\/div>\n\t\t\t\t<\/div>\n\t\t<div class=\"elementor-element elementor-element-07c6987 e-con-full e-flex elementor-invisible e-con e-child\" data-id=\"07c6987\" data-element_type=\"container\" data-e-type=\"container\" data-settings=\"{&quot;animation&quot;:&quot;fadeInRight&quot;}\">\n\t\t\t\t<div class=\"elementor-element elementor-element-bf66b33 elementor-widget elementor-widget-image\" data-id=\"bf66b33\" data-element_type=\"widget\" data-e-type=\"widget\" data-widget_type=\"image.default\">\n\t\t\t\t\t\t\t\t\t\t\t\t\t\t\t<img fetchpriority=\"high\" decoding=\"async\" width=\"663\" height=\"360\" src=\"https:\/\/www.toxicwindowtints.us\/wp-content\/uploads\/2025\/10\/Screenshot-2025-10-09-at-12.07.30-AM.png\" class=\"attachment-2048x2048 size-2048x2048 wp-image-503\" alt=\"\" srcset=\"https:\/\/www.toxicwindowtints.us\/wp-content\/uploads\/2025\/10\/Screenshot-2025-10-09-at-12.07.30-AM.png 663w, https:\/\/www.toxicwindowtints.us\/wp-content\/uploads\/2025\/10\/Screenshot-2025-10-09-at-12.07.30-AM-300x163.png 300w, https:\/\/www.toxicwindowtints.us\/wp-content\/uploads\/2025\/10\/Screenshot-2025-10-09-at-12.07.30-AM-18x10.png 18w\" sizes=\"(max-width: 663px) 100vw, 663px\" \/>\t\t\t\t\t\t\t\t\t\t\t\t\t\t\t<\/div>\n\t\t\t\t<div class=\"elementor-element elementor-element-9b3b8c4 elementor-widget elementor-widget-heading\" data-id=\"9b3b8c4\" data-element_type=\"widget\" data-e-type=\"widget\" data-widget_type=\"heading.default\">\n\t\t\t\t\t<h3 class=\"elementor-heading-title elementor-size-default\">Visi\u00f3n general<\/h3>\t\t\t\t<\/div>\n\t\t\t\t<div class=\"elementor-element elementor-element-768aa0a elementor-widget elementor-widget-text-editor\" data-id=\"768aa0a\" data-element_type=\"widget\" data-e-type=\"widget\" data-widget_type=\"text-editor.default\">\n\t\t\t\t\t\t\t\t\t<p data-start=\"284\" data-end=\"532\">Los faros nublados y amarillentos no s\u00f3lo estropean el aspecto de su coche, sino que reducen la visibilidad y la seguridad en la carretera.<br data-start=\"390\" data-end=\"393\" \/>Nuestro servicio de restauraci\u00f3n de faros elimina la oxidaci\u00f3n, la niebla y los da\u00f1os superficiales, devolviendo la claridad cristalina y el brillo de f\u00e1brica.<\/p><p data-start=\"284\" data-end=\"532\">\u00a0<\/p><p data-start=\"534\" data-end=\"750\">En Toxic Window Tints, utilizamos compuestos de pulido de calidad profesional y selladores UV para restaurar el brillo de sus faros, protegerlos de la decoloraci\u00f3n en el futuro, y hacer que toda su parte delantera se vea como nueva otra vez.<\/p>\t\t\t\t\t\t\t\t<\/div>\n\t\t\t\t<div class=\"elementor-element elementor-element-5431b17 elementor-widget elementor-widget-heading\" data-id=\"5431b17\" data-element_type=\"widget\" data-e-type=\"widget\" data-widget_type=\"heading.default\">\n\t\t\t\t\t<h3 class=\"elementor-heading-title elementor-size-default\">Qu\u00e9 incluye<\/h3>\t\t\t\t<\/div>\n\t\t<div class=\"elementor-element elementor-element-f97a77b e-con-full e-flex e-con e-child\" data-id=\"f97a77b\" data-element_type=\"container\" data-e-type=\"container\">\n\t\t\t\t<div class=\"elementor-element elementor-element-2593551 elementor-align-start elementor-icon-list--layout-traditional elementor-list-item-link-full_width elementor-widget elementor-widget-icon-list\" data-id=\"2593551\" data-element_type=\"widget\" data-e-type=\"widget\" data-widget_type=\"icon-list.default\">\n\t\t\t\t\t\t\t<ul class=\"elementor-icon-list-items\">\n\t\t\t\t\t\t\t<li class=\"elementor-icon-list-item\">\n\t\t\t\t\t\t\t\t\t\t\t<span class=\"elementor-icon-list-icon\">\n\t\t\t\t\t\t\t<svg aria-hidden=\"true\" class=\"e-font-icon-svg e-fas-circle\" viewbox=\"0 0 512 512\" xmlns=\"http:\/\/www.w3.org\/2000\/svg\"><path d=\"M256 8C119 8 8 119 8 256s111 248 248 248 248-111 248-248S393 8 256 8z\"><\/path><\/svg>\t\t\t\t\t\t<\/span>\n\t\t\t\t\t\t\t\t\t\t<span class=\"elementor-icon-list-text\">Limpieza profunda y eliminaci\u00f3n de la oxidaci\u00f3n para eliminar la neblina y el amarilleamiento<\/span>\n\t\t\t\t\t\t\t\t\t<\/li>\n\t\t\t\t\t\t\t\t<li class=\"elementor-icon-list-item\">\n\t\t\t\t\t\t\t\t\t\t\t<span class=\"elementor-icon-list-icon\">\n\t\t\t\t\t\t\t<svg aria-hidden=\"true\" class=\"e-font-icon-svg e-fas-circle\" viewbox=\"0 0 512 512\" xmlns=\"http:\/\/www.w3.org\/2000\/svg\"><path d=\"M256 8C119 8 8 119 8 256s111 248 248 248 248-111 248-248S393 8 256 8z\"><\/path><\/svg>\t\t\t\t\t\t<\/span>\n\t\t\t\t\t\t\t\t\t\t<span class=\"elementor-icon-list-text\">Lijado y pulido profesional en h\u00famedo para un acabado liso como el cristal<\/span>\n\t\t\t\t\t\t\t\t\t<\/li>\n\t\t\t\t\t\t\t\t<li class=\"elementor-icon-list-item\">\n\t\t\t\t\t\t\t\t\t\t\t<span class=\"elementor-icon-list-icon\">\n\t\t\t\t\t\t\t<svg aria-hidden=\"true\" class=\"e-font-icon-svg e-fas-circle\" viewbox=\"0 0 512 512\" xmlns=\"http:\/\/www.w3.org\/2000\/svg\"><path d=\"M256 8C119 8 8 119 8 256s111 248 248 248 248-111 248-248S393 8 256 8z\"><\/path><\/svg>\t\t\t\t\t\t<\/span>\n\t\t\t\t\t\t\t\t\t\t<span class=\"elementor-icon-list-text\">Revestimiento protector de los rayos UV para evitar futuros da\u00f1os y decoloraci\u00f3n<\/span>\n\t\t\t\t\t\t\t\t\t<\/li>\n\t\t\t\t\t\t\t\t<li class=\"elementor-icon-list-item\">\n\t\t\t\t\t\t\t\t\t\t\t<span class=\"elementor-icon-list-icon\">\n\t\t\t\t\t\t\t<svg aria-hidden=\"true\" class=\"e-font-icon-svg e-fas-circle\" viewbox=\"0 0 512 512\" xmlns=\"http:\/\/www.w3.org\/2000\/svg\"><path d=\"M256 8C119 8 8 119 8 256s111 248 248 248 248-111 248-248S393 8 256 8z\"><\/path><\/svg>\t\t\t\t\t\t<\/span>\n\t\t\t\t\t\t\t\t\t\t<span class=\"elementor-icon-list-text\">Visibilidad nocturna mejorada y aspecto renovado y moderno<\/span>\n\t\t\t\t\t\t\t\t\t<\/li>\n\t\t\t\t\t\t<\/ul>\n\t\t\t\t\t\t<\/div>\n\t\t\t\t<\/div>\n\t\t\t\t<\/div>\n\t\t\t\t\t<\/div>\n\t\t\t\t<\/div>\n\t\t<div class=\"elementor-element elementor-element-29fd2df book-headlight e-flex e-con-boxed e-con e-parent\" data-id=\"29fd2df\" data-element_type=\"container\" data-e-type=\"container\" id=\"book-headlight\" data-settings=\"{&quot;background_background&quot;:&quot;classic&quot;}\">\n\t\t\t\t\t<div class=\"e-con-inner\">\n\t\t<div class=\"elementor-element elementor-element-f467893 e-con-full e-flex e-con e-child\" data-id=\"f467893\" data-element_type=\"container\" data-e-type=\"container\">\n\t\t\t\t<div class=\"elementor-element elementor-element-cdebc42 elementor-align-center elementor-icon-list--layout-traditional elementor-list-item-link-full_width elementor-invisible elementor-widget elementor-widget-icon-list\" data-id=\"cdebc42\" data-element_type=\"widget\" data-e-type=\"widget\" data-settings=\"{&quot;_animation&quot;:&quot;fadeInDown&quot;,&quot;_animation_delay&quot;:900}\" data-widget_type=\"icon-list.default\">\n\t\t\t\t\t\t\t<ul class=\"elementor-icon-list-items\">\n\t\t\t\t\t\t\t<li class=\"elementor-icon-list-item\">\n\t\t\t\t\t\t\t\t\t\t\t<span class=\"elementor-icon-list-icon\">\n\t\t\t\t\t\t\t<i aria-hidden=\"true\" class=\"icon icon-car\"><\/i>\t\t\t\t\t\t<\/span>\n\t\t\t\t\t\t\t\t\t\t<span class=\"elementor-icon-list-text\">PROGRAMA<\/span>\n\t\t\t\t\t\t\t\t\t<\/li>\n\t\t\t\t\t\t<\/ul>\n\t\t\t\t\t\t<\/div>\n\t\t\t\t<div class=\"elementor-element elementor-element-e6086fb elementor-invisible elementor-widget elementor-widget-heading\" data-id=\"e6086fb\" data-element_type=\"widget\" data-e-type=\"widget\" data-settings=\"{&quot;_animation&quot;:&quot;fadeInDown&quot;,&quot;_animation_delay&quot;:600}\" data-widget_type=\"heading.default\">\n\t\t\t\t\t<h2 class=\"elementor-heading-title elementor-size-default\">RESERVE SU CITA PARA LA RESTAURACI\u00d3N DE FAROS<\/h2>\t\t\t\t<\/div>\n\t\t\t\t<div class=\"elementor-element elementor-element-2fc2560 elementor-widget elementor-widget-html\" data-id=\"2fc2560\" data-element_type=\"widget\" data-e-type=\"widget\" data-widget_type=\"html.default\">\n\t\t\t\t\t<iframe src=\"https:\/\/api.leadconnectorhq.com\/widget\/booking\/JcyeaeMSg2LI4VSsZmrs\" style=\"width: 100%;border:none;overflow: hidden;\" scrolling=\"no\" id=\"5JhPPWngyiclhfJQiPEo_1766014348138\"><\/iframe><br><script src=\"https:\/\/link.msgsndr.com\/js\/form_embed.js\" type=\"text\/javascript\"><\/script>\t\t\t\t<\/div>\n\t\t\t\t<\/div>\n\t\t\t\t\t<\/div>\n\t\t\t\t<\/div>\n\t\t\t\t<\/div>","protected":false},"excerpt":{"rendered":"<p>HEADLIGHT RESTORATION Home \/ Headlight Restoration Service Duration &amp; Booking Price $ 100 Estimated Time: 1 Hour BOOK HEADLIGHT RESTORATION STAY COOL. LOOK SHARP. Upgrade your ride with premium ceramic tint \u2014 better style, comfort, and UV protection. Overview Cloudy, yellowed headlights not only ruin your car\u2019s look \u2014 they reduce visibility and safety on [&hellip;]<\/p>\n","protected":false},"author":1,"featured_media":0,"parent":0,"menu_order":0,"comment_status":"closed","ping_status":"closed","template":"elementor_header_footer","meta":{"footnotes":""},"class_list":["post-603","page","type-page","status-publish","hentry"],"_links":{"self":[{"href":"https:\/\/www.toxicwindowtints.us\/es\/wp-json\/wp\/v2\/pages\/603","targetHints":{"allow":["GET"]}}],"collection":[{"href":"https:\/\/www.toxicwindowtints.us\/es\/wp-json\/wp\/v2\/pages"}],"about":[{"href":"https:\/\/www.toxicwindowtints.us\/es\/wp-json\/wp\/v2\/types\/page"}],"author":[{"embeddable":true,"href":"https:\/\/www.toxicwindowtints.us\/es\/wp-json\/wp\/v2\/users\/1"}],"replies":[{"embeddable":true,"href":"https:\/\/www.toxicwindowtints.us\/es\/wp-json\/wp\/v2\/comments?post=603"}],"version-history":[{"count":28,"href":"https:\/\/www.toxicwindowtints.us\/es\/wp-json\/wp\/v2\/pages\/603\/revisions"}],"predecessor-version":[{"id":838,"href":"https:\/\/www.toxicwindowtints.us\/es\/wp-json\/wp\/v2\/pages\/603\/revisions\/838"}],"wp:attachment":[{"href":"https:\/\/www.toxicwindowtints.us\/es\/wp-json\/wp\/v2\/media?parent=603"}],"curies":[{"name":"wp","href":"https:\/\/api.w.org\/{rel}","templated":true}]}}